{"id":247,"date":"2016-01-18T11:25:54","date_gmt":"2016-01-18T11:25:54","guid":{"rendered":"http:\/\/naturalgeneticsseeds.com\/?page_id=247&#038;lang=en"},"modified":"2016-01-19T17:09:14","modified_gmt":"2016-01-19T17:09:14","slug":"about","status":"publish","type":"page","link":"http:\/\/naturalgeneticsseeds.com\/es\/sobre-nosotros\/","title":{"rendered":"Sobre Nosotros"},"content":{"rendered":"<p>La Natural Genetics Seeds Bank &amp; Breeding Projects nace de la pasi\u00f3n por las hibridaciones de calidad.<br \/>\nPara desarrollar nuestras hibridaciones, partimos desde gen\u00e9ticas originales y raras provenientes de todo el mundo, en particular desde E.E.U.U. gracias tambi\u00e9n al numeroso grupo de testers y growers que nos siguen y ayudan.<br \/>\nLos resultados de nuestro trabajo son semillas de primera calidad, siempre regulares y en stocks limitados, con pruebas regulares de todos los lotes para garantizar la maxima viabilidad, germinaci\u00f3n, vigor h\u00edbrido y resistencia al stress y plagas.<br \/>\nUtilizamos solo m\u00e9todos naturales para realizar nuestros cruces, as\u00ed\u00a0como abonos y tratamientos org\u00e1nicos y naturales.<br \/>\nGracias a la pasi\u00f3n por el coleccionismo de semillas, nuestra lista de gen\u00e9ticas es muy amplia garantizando as\u00ed la oferta de hibridaciones siempre originales y exclusivas.<\/p>","protected":false},"excerpt":{"rendered":"<p>La Natural Genetics Seeds Bank &amp; Breeding Projects nace de la pasi\u00f3n por las hibridaciones de calidad. Para desarrollar nuestras hibridaciones, partimos desde gen\u00e9ticas originales y raras provenientes de todo el mundo, en particular desde E.E.U.U. gracias tambi\u00e9n al numeroso grupo de testers y growers que nos siguen y ayudan. Los resultados de nuestro trabajo [&hellip;]<\/p>\n","protected":false},"author":1,"featured_media":0,"parent":0,"menu_order":0,"comment_status":"closed","ping_status":"closed","template":"","meta":[],"_links":{"self":[{"href":"http:\/\/naturalgeneticsseeds.com\/es\/wp-json\/wp\/v2\/pages\/247"}],"collection":[{"href":"http:\/\/naturalgeneticsseeds.com\/es\/wp-json\/wp\/v2\/pages"}],"about":[{"href":"http:\/\/naturalgeneticsseeds.com\/es\/wp-json\/wp\/v2\/types\/page"}],"author":[{"embeddable":true,"href":"http:\/\/naturalgeneticsseeds.com\/es\/wp-json\/wp\/v2\/users\/1"}],"replies":[{"embeddable":true,"href":"http:\/\/naturalgeneticsseeds.com\/es\/wp-json\/wp\/v2\/comments?post=247"}],"version-history":[{"count":4,"href":"http:\/\/naturalgeneticsseeds.com\/es\/wp-json\/wp\/v2\/pages\/247\/revisions"}],"predecessor-version":[{"id":390,"href":"http:\/\/naturalgeneticsseeds.com\/es\/wp-json\/wp\/v2\/pages\/247\/revisions\/390"}],"wp:attachment":[{"href":"http:\/\/naturalgeneticsseeds.com\/es\/wp-json\/wp\/v2\/media?parent=247"}],"curies":[{"name":"wp","href":"https:\/\/api.w.org\/{rel}","templated":true}]}}