{"id":123,"date":"2015-12-14T14:18:09","date_gmt":"2015-12-14T14:18:09","guid":{"rendered":"http:\/\/naturalgeneticsseeds.com\/?page_id=123"},"modified":"2016-01-25T16:05:18","modified_gmt":"2016-01-25T16:05:18","slug":"policies","status":"publish","type":"page","link":"http:\/\/naturalgeneticsseeds.com\/es\/policies\/","title":{"rendered":"Policies"},"content":{"rendered":"<p><strong>Natural Genetics Seeds produce y comercializa semillas de c\u00e1\u00f1amo como art\u00edculo destinado exclusivamente\u00a0al coleccionismo y no se hace responsable del mal uso de este producto.\u00a0Inf\u00f3rmate sobre la ley vigente en tu pa\u00eds.<br \/>\nQueda prohibido el transporte y la distribuci\u00f3n en pa\u00edses donde las semillas de c\u00e1\u00f1amo son ilegales.<\/strong><\/p>\n<p>&nbsp;<\/p>\n<p><strong>&#8211; PAGOS<\/strong><br \/>\n<strong>\u00bfCu\u00e1les son los m\u00e9todos de pago puedo utilizar para pagar mis pedidos?<\/strong><br \/>\nPuede pagar sus pedidos a trav\u00e9s de \u00abPaypal\u00bb y<br \/>\n\u00abPaypal\u00bb permite pagos con tarjetas de cr\u00e9dito \/ d\u00e9bito, tales como:<br \/>\nVISA, AMERICAN EXPRESS, MASTER CARD y\u00a0MAESTRO.<br \/>\n<strong>\u00bfMi tarjeta de cr\u00e9dito puede ser denegada?<\/strong><br \/>\nSu tarjeta de cr\u00e9dito puede ser rechazada por las siguientes razones:<br \/>\nsu tarjeta de cr\u00e9dito ha caducado &#8211; comprobar su validez<br \/>\nel valor l\u00edmite se ha superado -compruebe con su banco<br \/>\nlos datos que has introducido no son correctos &#8211; verifique que todos los campos obligatorios se llenaron correctamente.<br \/>\n<strong>\u00bfEs seguro utilizar mi tarjeta de cr\u00e9dito en la web?<\/strong><br \/>\nS\u00ed, los datos se transmiten en forma encriptada SSL directamente en los servidores de Paypal, son los encargados de la seguridad de su transacci\u00f3n y no hay mejor seguridad que el primer sistema de transferencia de dinero en el mundo.<\/p>\n<p><strong>&#8211; GASTOS DE ENV\u00cdO Y ENTREGA<\/strong><br \/>\n<strong>\u00bfD\u00f3nde puedo recibir mi pedido?<\/strong><br \/>\nPuede recibir su pedido en la direcci\u00f3n que prefiere.<br \/>\n<strong>\u00bfCu\u00e1l es el plazo de entrega para recibir mi pedido?<\/strong><br \/>\n5\u00a0d\u00edas laborales aprox &#8211; Espa\u00f1a y Portugal<br \/>\n5-8\u00a0d\u00edas laborables aprox &#8211; Uni\u00f3n Europea<br \/>\n14\u00a0d\u00edas laborables- todos los dem\u00e1s sitios (depende de las leyes aduaneras aplicadas en el destino final)<br \/>\n<strong>\u00bfCu\u00e1nto tengo que pagar por los gastos de env\u00edo?<\/strong><br \/>\nEspa\u00f1a y Portugal:\u00a04,50 euros<br \/>\nUni\u00f3n Europea: 7 euros<br \/>\nTodos los dem\u00e1s sitios: 15.00 euros (depende de los impuestos aduaneros aplicados al destino final)<\/p>\n<p><strong>&#8211; DEVOLUCIONES y REEMBOLSOS<\/strong><br \/>\n<strong>Devoluciones<\/strong><br \/>\nNuestra pol\u00edtica de devoluciones tiene una duraci\u00f3n de 30 d\u00edas. Si 30 d\u00edas han pasado desde su compra, lamentablemente no podemos ofrecerle un reembolso o cambio. Para ser elegible para una devoluci\u00f3n, el art\u00edculo debe ser en las mismas condiciones en que lo recibi\u00f3. Tambi\u00e9n debe estar en su embalaje original. Cualquier art\u00edculo devuelto debe estar\u00a0nuevo y sin uso. Cualquier coste de env\u00edo de devoluci\u00f3n excluye costes pagados y los clientes son responsables de los gastos de env\u00edo de la devoluci\u00f3n. Por favor no env\u00ede su compra de vuelta hasta que consigue el c\u00f3digo de autorizaci\u00f3n con nuestro servicio de atenci\u00f3n al cliente info@naturalgeneticseeds.com<br \/>\n<strong>Reembolsos<\/strong> (<em>si se aplica<\/em>)<br \/>\nUna vez recibida e inspeccionada su devoluci\u00f3n, le enviaremos un correo electr\u00f3nico con la notificaci\u00f3n que hemos recibido su art\u00edculo de vuelta. Tambi\u00e9n le notificar\u00e1 de la aprobaci\u00f3n o rechazo de su pedido de reembolso.<br \/>\nSi es aprobado, entonces se procesar\u00e1 su reembolso, y una devoluci\u00f3n se aplicar\u00e1 autom\u00e1ticamente a su tarjeta de cr\u00e9dito o su m\u00e9todo original de pago, dentro de 14 d\u00edas.<\/p>\n<p><strong><span style=\"text-decoration: underline;\">NO ACEPTAMOS\u00a0DEVOLUCIONES DE LA NUESTRA COLLECTION DE\u00a0ACCESSORIOS<\/span><\/strong><\/p>\n<p><strong>&#8211; INFORMACIONES COOKIES<\/strong><br \/>\nEn su p\u00e1gina web, Natural Genetics Seeds utiliza cookies para mejorar la navegaci\u00f3n de los usuarios.<br \/>\nLos usuarios tienen el derecho de elegir la posibilidad de aceptar cookies o no, con el riesgo de la falta de disponibilidad de algunas de las caracter\u00edsticas de la plataforma.<br \/>\nLas cookies son necesarias para fines esenciales.<br \/>\nEstas tecnolog\u00edas son necesarias para ofrecerle los servicios disponibles a trav\u00e9s de la plataforma web y el acceso a zonas seguras.<br \/>\nCookies de funcionalidad y an\u00e1lisis.<br \/>\n&#8211; mejorar la navegaci\u00f3n y el uso de la plataforma<br \/>\n&#8211; seleccionar el idioma preferido<br \/>\n&#8211; entender c\u00f3mo el sitio web est\u00e1 siendo utilizado por los visitantes<br \/>\n-supervisar las actividades de los visitantes.<br \/>\nCookies de redes sociales.<br \/>\nEstas tecnolog\u00edas permiten que los usuarios compartan contenidos de nuestro sitio web a trav\u00e9s de las redes sociales y otras plataformas<\/p>","protected":false},"excerpt":{"rendered":"<p>Natural Genetics Seeds produce y comercializa semillas de c\u00e1\u00f1amo como art\u00edculo destinado exclusivamente\u00a0al coleccionismo y no se hace responsable del mal uso de este producto.\u00a0Inf\u00f3rmate sobre la ley vigente en tu pa\u00eds. Queda prohibido el transporte y la distribuci\u00f3n en pa\u00edses donde las semillas de c\u00e1\u00f1amo son ilegales. &nbsp; &#8211; PAGOS \u00bfCu\u00e1les son los m\u00e9todos [&hellip;]<\/p>\n","protected":false},"author":1,"featured_media":0,"parent":0,"menu_order":0,"comment_status":"closed","ping_status":"closed","template":"","meta":[],"_links":{"self":[{"href":"http:\/\/naturalgeneticsseeds.com\/es\/wp-json\/wp\/v2\/pages\/123"}],"collection":[{"href":"http:\/\/naturalgeneticsseeds.com\/es\/wp-json\/wp\/v2\/pages"}],"about":[{"href":"http:\/\/naturalgeneticsseeds.com\/es\/wp-json\/wp\/v2\/types\/page"}],"author":[{"embeddable":true,"href":"http:\/\/naturalgeneticsseeds.com\/es\/wp-json\/wp\/v2\/users\/1"}],"replies":[{"embeddable":true,"href":"http:\/\/naturalgeneticsseeds.com\/es\/wp-json\/wp\/v2\/comments?post=123"}],"version-history":[{"count":5,"href":"http:\/\/naturalgeneticsseeds.com\/es\/wp-json\/wp\/v2\/pages\/123\/revisions"}],"predecessor-version":[{"id":426,"href":"http:\/\/naturalgeneticsseeds.com\/es\/wp-json\/wp\/v2\/pages\/123\/revisions\/426"}],"wp:attachment":[{"href":"http:\/\/naturalgeneticsseeds.com\/es\/wp-json\/wp\/v2\/media?parent=123"}],"curies":[{"name":"wp","href":"https:\/\/api.w.org\/{rel}","templated":true}]}}